{"id":616,"date":"2022-09-18T22:10:20","date_gmt":"2022-09-18T22:10:20","guid":{"rendered":"https:\/\/dicsep.org\/?page_id=616"},"modified":"2025-10-22T08:14:38","modified_gmt":"2025-10-22T08:14:38","slug":"contact-us","status":"publish","type":"page","link":"https:\/\/dicsep.org\/?page_id=616","title":{"rendered":"Contact us"},"content":{"rendered":"<p><strong>Mislav Je\u017ei\u0107<\/strong><\/p>\n<p>E-mail: <a href=\"mailto:jezic.mislav@gmail.com\">jezic.mislav@gmail.com<\/a><\/p>\n<p><strong>Ivan Andrijani\u0107<\/strong><\/p>\n<p>E-mail: <a href=\"mailto:iandrij@m.ffzg.hr\">iandrij@m.ffzg.hr<\/a><\/p>\n<p><strong>Inter-University Centre<\/strong><\/p>\n<p>Tel: +385 20 413 626, 413 627<br \/>\nFax: +385 20 413 628<br \/>\nE-mail: <a href=\"mailto:iuc@iuc.hr\">iuc@iuc.hr<\/a><\/p>\n","protected":false},"excerpt":{"rendered":"<p>Mislav Je\u017ei\u0107 E-mail: jezic.mislav@gmail.com Ivan Andrijani\u0107 E-mail: iandrij@m.ffzg.hr Inter-University Centre Tel: +385 20 413 626, 413 627 Fax: +385 20 413 628 E-mail: iuc@iuc.hr<\/p>\n","protected":false},"author":1,"featured_media":0,"parent":0,"menu_order":0,"comment_status":"closed","ping_status":"closed","template":"","meta":{"footnotes":""},"class_list":["post-616","page","type-page","status-publish","hentry"],"_links":{"self":[{"href":"https:\/\/dicsep.org\/index.php?rest_route=\/wp\/v2\/pages\/616","targetHints":{"allow":["GET"]}}],"collection":[{"href":"https:\/\/dicsep.org\/index.php?rest_route=\/wp\/v2\/pages"}],"about":[{"href":"https:\/\/dicsep.org\/index.php?rest_route=\/wp\/v2\/types\/page"}],"author":[{"embeddable":true,"href":"https:\/\/dicsep.org\/index.php?rest_route=\/wp\/v2\/users\/1"}],"replies":[{"embeddable":true,"href":"https:\/\/dicsep.org\/index.php?rest_route=%2Fwp%2Fv2%2Fcomments&post=616"}],"version-history":[{"count":11,"href":"https:\/\/dicsep.org\/index.php?rest_route=\/wp\/v2\/pages\/616\/revisions"}],"predecessor-version":[{"id":2076,"href":"https:\/\/dicsep.org\/index.php?rest_route=\/wp\/v2\/pages\/616\/revisions\/2076"}],"wp:attachment":[{"href":"https:\/\/dicsep.org\/index.php?rest_route=%2Fwp%2Fv2%2Fmedia&parent=616"}],"curies":[{"name":"wp","href":"https:\/\/api.w.org\/{rel}","templated":true}]}}